{"id":395,"date":"2025-04-21T12:12:59","date_gmt":"2025-04-21T10:12:59","guid":{"rendered":"https:\/\/amelia-beautyartist.es\/?page_id=395"},"modified":"2025-05-04T20:36:10","modified_gmt":"2025-05-04T18:36:10","slug":"contacto","status":"publish","type":"page","link":"https:\/\/amelia-beautyartist.es\/en\/contacto\/","title":{"rendered":"Contacto"},"content":{"rendered":"\t\t<div data-elementor-type=\"wp-page\" data-elementor-id=\"395\" class=\"elementor elementor-395\" data-elementor-post-type=\"page\">\n\t\t\t\t<div class=\"elementor-element elementor-element-2bd5bf65 e-flex e-con-boxed e-con e-parent\" data-id=\"2bd5bf65\" data-element_type=\"container\" data-e-type=\"container\" data-settings=\"{&quot;background_background&quot;:&quot;gradient&quot;}\">\n\t\t\t\t\t<div class=\"e-con-inner\">\n\t\t<div class=\"elementor-element elementor-element-645cfdf4 e-flex e-con-boxed e-con e-child\" data-id=\"645cfdf4\" data-element_type=\"container\" data-e-type=\"container\">\n\t\t\t\t\t<div class=\"e-con-inner\">\n\t\t\t\t<div class=\"elementor-element elementor-element-31797b11 elementor-widget elementor-widget-heading\" data-id=\"31797b11\" data-element_type=\"widget\" data-e-type=\"widget\" data-widget_type=\"heading.default\">\n\t\t\t\t<div class=\"elementor-widget-container\">\n\t\t\t\t\t<h1 class=\"elementor-heading-title elementor-size-default\">Contacto<\/h1>\t\t\t\t<\/div>\n\t\t\t\t<\/div>\n\t\t\t\t<div class=\"elementor-element elementor-element-23456eb6 elementor-widget elementor-widget-heading\" data-id=\"23456eb6\" data-element_type=\"widget\" data-e-type=\"widget\" data-widget_type=\"heading.default\">\n\t\t\t\t<div class=\"elementor-widget-container\">\n\t\t\t\t\t<div class=\"elementor-heading-title elementor-size-default\">Ponerte en contacto conmigo es muy sencillo. Utiliza el formulario de esta p\u00e1gina para enviarme un mensaje directo o si lo prefieres, puedes encontrar mis datos de contacto a continuaci\u00f3n.<\/div>\t\t\t\t<\/div>\n\t\t\t\t<\/div>\n\t\t\t\t\t<\/div>\n\t\t\t\t<\/div>\n\t\t\t\t\t<\/div>\n\t\t\t\t<\/div>\n\t\t<div class=\"elementor-element elementor-element-3379df96 e-flex e-con-boxed e-con e-parent\" data-id=\"3379df96\" data-element_type=\"container\" data-e-type=\"container\">\n\t\t\t\t\t<div class=\"e-con-inner\">\n\t\t<div class=\"elementor-element elementor-element-10275ce7 e-con-full e-grid e-con e-child\" data-id=\"10275ce7\" data-element_type=\"container\" data-e-type=\"container\">\n\t\t<div class=\"elementor-element elementor-element-49327b14 e-con-full e-flex e-con e-child\" data-id=\"49327b14\" data-element_type=\"container\" data-e-type=\"container\">\n\t\t\t\t<div class=\"elementor-element elementor-element-63c5f5e9 elementor-view-default elementor-widget elementor-widget-icon\" data-id=\"63c5f5e9\" data-element_type=\"widget\" data-e-type=\"widget\" data-widget_type=\"icon.default\">\n\t\t\t\t<div class=\"elementor-widget-container\">\n\t\t\t\t\t\t\t<div class=\"elementor-icon-wrapper\">\n\t\t\t<div class=\"elementor-icon\">\n\t\t\t<i aria-hidden=\"true\" class=\"icon icon-placeholder\"><\/i>\t\t\t<\/div>\n\t\t<\/div>\n\t\t\t\t\t\t<\/div>\n\t\t\t\t<\/div>\n\t\t\t\t<div class=\"elementor-element elementor-element-5020941a elementor-widget elementor-widget-icon-box\" data-id=\"5020941a\" data-element_type=\"widget\" data-e-type=\"widget\" data-widget_type=\"icon-box.default\">\n\t\t\t\t<div class=\"elementor-widget-container\">\n\t\t\t\t\t\t\t<div class=\"elementor-icon-box-wrapper\">\n\n\t\t\t\n\t\t\t\t\t\t<div class=\"elementor-icon-box-content\">\n\n\t\t\t\t\t\t\t\t\t<div class=\"elementor-icon-box-title\">\n\t\t\t\t\t\t<span  >\n\t\t\t\t\t\t\tMi espacio\t\t\t\t\t\t<\/span>\n\t\t\t\t\t<\/div>\n\t\t\t\t\n\t\t\t\t\t\t\t\t\t<p class=\"elementor-icon-box-description\">\n\t\t\t\t\t\tPriego de C\u00f3rdoba, Andaluc\u00eda, Espa\u00f1a.\t\t\t\t\t<\/p>\n\t\t\t\t\n\t\t\t<\/div>\n\t\t\t\n\t\t<\/div>\n\t\t\t\t\t\t<\/div>\n\t\t\t\t<\/div>\n\t\t\t\t<\/div>\n\t\t<div class=\"elementor-element elementor-element-3fa0c148 e-con-full e-flex e-con e-child\" data-id=\"3fa0c148\" data-element_type=\"container\" data-e-type=\"container\">\n\t\t\t\t<div class=\"elementor-element elementor-element-1869db3b elementor-view-default elementor-widget elementor-widget-icon\" data-id=\"1869db3b\" data-element_type=\"widget\" data-e-type=\"widget\" data-widget_type=\"icon.default\">\n\t\t\t\t<div class=\"elementor-widget-container\">\n\t\t\t\t\t\t\t<div class=\"elementor-icon-wrapper\">\n\t\t\t<div class=\"elementor-icon\">\n\t\t\t<i aria-hidden=\"true\" class=\"icon icon-contact\"><\/i>\t\t\t<\/div>\n\t\t<\/div>\n\t\t\t\t\t\t<\/div>\n\t\t\t\t<\/div>\n\t\t\t\t<div class=\"elementor-element elementor-element-377984bf elementor-widget elementor-widget-icon-box\" data-id=\"377984bf\" data-element_type=\"widget\" data-e-type=\"widget\" data-widget_type=\"icon-box.default\">\n\t\t\t\t<div class=\"elementor-widget-container\">\n\t\t\t\t\t\t\t<div class=\"elementor-icon-box-wrapper\">\n\n\t\t\t\n\t\t\t\t\t\t<div class=\"elementor-icon-box-content\">\n\n\t\t\t\t\t\t\t\t\t<div class=\"elementor-icon-box-title\">\n\t\t\t\t\t\t<span  >\n\t\t\t\t\t\t\tMi Correo\t\t\t\t\t\t<\/span>\n\t\t\t\t\t<\/div>\n\t\t\t\t\n\t\t\t\t\t\t\t\t\t<p class=\"elementor-icon-box-description\">\n\t\t\t\t\t\tinfo@amelia-beautyartist.es\t\t\t\t\t<\/p>\n\t\t\t\t\n\t\t\t<\/div>\n\t\t\t\n\t\t<\/div>\n\t\t\t\t\t\t<\/div>\n\t\t\t\t<\/div>\n\t\t\t\t<\/div>\n\t\t\t\t<\/div>\n\t\t\t\t\t<\/div>\n\t\t\t\t<\/div>\n\t\t<div class=\"elementor-element elementor-element-5f8afc26 e-flex e-con-boxed e-con e-parent\" data-id=\"5f8afc26\" data-element_type=\"container\" data-e-type=\"container\">\n\t\t\t\t\t<div class=\"e-con-inner\">\n\t\t<div class=\"elementor-element elementor-element-844d753 e-con-full e-flex e-con e-child\" data-id=\"844d753\" data-element_type=\"container\" data-e-type=\"container\" data-settings=\"{&quot;background_background&quot;:&quot;classic&quot;}\">\n\t\t\t\t<div class=\"elementor-element elementor-element-1393bac elementor-widget elementor-widget-heading\" data-id=\"1393bac\" data-element_type=\"widget\" data-e-type=\"widget\" data-widget_type=\"heading.default\">\n\t\t\t\t<div class=\"elementor-widget-container\">\n\t\t\t\t\t<h3 class=\"elementor-heading-title elementor-size-default\">Cont\u00e1ctemos<\/h3>\t\t\t\t<\/div>\n\t\t\t\t<\/div>\n\t\t\t\t<div class=\"elementor-element elementor-element-6ef557f elementor-button-align-stretch elementor-widget elementor-widget-form\" data-id=\"6ef557f\" data-element_type=\"widget\" data-e-type=\"widget\" data-settings=\"{&quot;step_next_label&quot;:&quot;Next&quot;,&quot;step_previous_label&quot;:&quot;Previous&quot;,&quot;step_type&quot;:&quot;none&quot;,&quot;button_width&quot;:&quot;100&quot;,&quot;step_icon_shape&quot;:&quot;circle&quot;}\" data-widget_type=\"form.default\">\n\t\t\t\t<div class=\"elementor-widget-container\">\n\t\t\t\t\t\t\t<form class=\"elementor-form\" method=\"post\" name=\"Formulario Web\" aria-label=\"Formulario Web\">\n\t\t\t<input type=\"hidden\" name=\"post_id\" value=\"395\"\/>\n\t\t\t<input type=\"hidden\" name=\"form_id\" value=\"6ef557f\"\/>\n\t\t\t<input type=\"hidden\" name=\"referer_title\" value=\"Amelia Cuadros | Maquilladora profesional en Priego de C\u00f3rdoba\" \/>\n\n\t\t\t\n\t\t\t<div class=\"elementor-form-fields-wrapper elementor-labels-above\">\n\t\t\t\t\t\t\t\t<div class=\"elementor-field-type-text elementor-field-group elementor-column elementor-field-group-name elementor-col-50\">\n\t\t\t\t\t\t\t\t\t\t\t\t<label for=\"form-field-name\" class=\"elementor-field-label\">\n\t\t\t\t\t\t\t\tNombre y Apellido\t\t\t\t\t\t\t<\/label>\n\t\t\t\t\t\t\t\t\t\t\t\t\t\t<input size=\"1\" type=\"text\" name=\"form_fields[name]\" id=\"form-field-name\" class=\"elementor-field elementor-size-sm  elementor-field-textual\" placeholder=\"Escribe aqui...\">\n\t\t\t\t\t\t\t\t\t\t\t<\/div>\n\t\t\t\t\t\t\t\t<div class=\"elementor-field-type-number elementor-field-group elementor-column elementor-field-group-email elementor-col-50 elementor-field-required\">\n\t\t\t\t\t\t\t\t\t\t\t\t<label for=\"form-field-email\" class=\"elementor-field-label\">\n\t\t\t\t\t\t\t\tM\u00f3vil\t\t\t\t\t\t\t<\/label>\n\t\t\t\t\t\t\t\t\t<input type=\"number\" name=\"form_fields[email]\" id=\"form-field-email\" class=\"elementor-field elementor-size-sm  elementor-field-textual\" placeholder=\"Escribe aqui...\" required=\"required\" min=\"\" max=\"\" >\n\t\t\t\t\t\t<\/div>\n\t\t\t\t\t\t\t\t<div class=\"elementor-field-type-email elementor-field-group elementor-column elementor-field-group-field_e851835 elementor-col-50 elementor-field-required\">\n\t\t\t\t\t\t\t\t\t\t\t\t<label for=\"form-field-field_e851835\" class=\"elementor-field-label\">\n\t\t\t\t\t\t\t\tEmail\t\t\t\t\t\t\t<\/label>\n\t\t\t\t\t\t\t\t\t\t\t\t\t\t<input size=\"1\" type=\"email\" name=\"form_fields[field_e851835]\" id=\"form-field-field_e851835\" class=\"elementor-field elementor-size-sm  elementor-field-textual\" placeholder=\"Escribe aqui...\" required=\"required\">\n\t\t\t\t\t\t\t\t\t\t\t<\/div>\n\t\t\t\t\t\t\t\t<div class=\"elementor-field-type-number elementor-field-group elementor-column elementor-field-group-field_cef622a elementor-col-50\">\n\t\t\t\t\t\t\t\t\t\t\t\t<label for=\"form-field-field_cef622a\" class=\"elementor-field-label\">\n\t\t\t\t\t\t\t\t\u00bfQue edad tienes?\t\t\t\t\t\t\t<\/label>\n\t\t\t\t\t\t\t\t\t<input type=\"number\" name=\"form_fields[field_cef622a]\" id=\"form-field-field_cef622a\" class=\"elementor-field elementor-size-sm  elementor-field-textual\" placeholder=\"Escribe aqui...\" min=\"\" max=\"\" >\n\t\t\t\t\t\t<\/div>\n\t\t\t\t\t\t\t\t<div class=\"elementor-field-type-text elementor-field-group elementor-column elementor-field-group-field_f0e2153 elementor-col-50\">\n\t\t\t\t\t\t\t\t\t\t\t\t<label for=\"form-field-field_f0e2153\" class=\"elementor-field-label\">\n\t\t\t\t\t\t\t\t\u00bfQue tipo de evento es?\t\t\t\t\t\t\t<\/label>\n\t\t\t\t\t\t\t\t\t\t\t\t\t\t<input size=\"1\" type=\"text\" name=\"form_fields[field_f0e2153]\" id=\"form-field-field_f0e2153\" class=\"elementor-field elementor-size-sm  elementor-field-textual\" placeholder=\"\u00bfQue tipo de evento es?\">\n\t\t\t\t\t\t\t\t\t\t\t<\/div>\n\t\t\t\t\t\t\t\t<div class=\"elementor-field-type-text elementor-field-group elementor-column elementor-field-group-field_6ba534d elementor-col-50\">\n\t\t\t\t\t\t\t\t\t\t\t\t<label for=\"form-field-field_6ba534d\" class=\"elementor-field-label\">\n\t\t\t\t\t\t\t\tLugar del evento\t\t\t\t\t\t\t<\/label>\n\t\t\t\t\t\t\t\t\t\t\t\t\t\t<input size=\"1\" type=\"text\" name=\"form_fields[field_6ba534d]\" id=\"form-field-field_6ba534d\" class=\"elementor-field elementor-size-sm  elementor-field-textual\" placeholder=\"Escribe aqui...\">\n\t\t\t\t\t\t\t\t\t\t\t<\/div>\n\t\t\t\t\t\t\t\t<div class=\"elementor-field-type-date elementor-field-group elementor-column elementor-field-group-field_65c3ab5 elementor-col-50 elementor-field-required\">\n\t\t\t\t\t\t\t\t\t\t\t\t<label for=\"form-field-field_65c3ab5\" class=\"elementor-field-label\">\n\t\t\t\t\t\t\t\t\u00bfCuando es el evento?\t\t\t\t\t\t\t<\/label>\n\t\t\t\t\t\t\n\t\t<input type=\"date\" name=\"form_fields[field_65c3ab5]\" id=\"form-field-field_65c3ab5\" class=\"elementor-field elementor-size-sm  elementor-field-textual elementor-date-field elementor-use-native\" required=\"required\" pattern=\"[0-9]{4}-[0-9]{2}-[0-9]{2}\">\n\t\t\t\t\t\t<\/div>\n\t\t\t\t\t\t\t\t<div class=\"elementor-field-type-time elementor-field-group elementor-column elementor-field-group-field_21021d6 elementor-col-50 elementor-field-required\">\n\t\t\t\t\t\t\t\t\t\t\t\t<label for=\"form-field-field_21021d6\" class=\"elementor-field-label\">\n\t\t\t\t\t\t\t\tHora del evento\t\t\t\t\t\t\t<\/label>\n\t\t\t\t\t\t\t\t<input type=\"time\" name=\"form_fields[field_21021d6]\" id=\"form-field-field_21021d6\" class=\"elementor-field elementor-size-sm  elementor-field-textual elementor-time-field elementor-use-native\" required=\"required\">\n\t\t\t\t\t\t<\/div>\n\t\t\t\t\t\t\t\t<div class=\"elementor-field-type-select elementor-field-group elementor-column elementor-field-group-field_9d6db28 elementor-col-40 elementor-field-required\">\n\t\t\t\t\t\t\t\t\t\t\t\t<label for=\"form-field-field_9d6db28\" class=\"elementor-field-label\">\n\t\t\t\t\t\t\t\t\u00bfQu\u00e9 te preocupa m\u00e1s de tu rostro?\t\t\t\t\t\t\t<\/label>\n\t\t\t\t\t\t\t\t<div class=\"elementor-field elementor-select-wrapper remove-before \">\n\t\t\t<div class=\"select-caret-down-wrapper\">\n\t\t\t\t<svg aria-hidden=\"true\" class=\"e-font-icon-svg e-eicon-caret-down\" viewBox=\"0 0 571.4 571.4\" xmlns=\"http:\/\/www.w3.org\/2000\/svg\"><path d=\"M571 393Q571 407 561 418L311 668Q300 679 286 679T261 668L11 418Q0 407 0 393T11 368 36 357H536Q550 357 561 368T571 393Z\"><\/path><\/svg>\t\t\t<\/div>\n\t\t\t<select name=\"form_fields[field_9d6db28]\" id=\"form-field-field_9d6db28\" class=\"elementor-field-textual elementor-size-sm\" required=\"required\">\n\t\t\t\t\t\t\t\t\t<option value=\"Ojeras \">Ojeras <\/option>\n\t\t\t\t\t\t\t\t\t<option value=\"Arrugas de expresi\u00f3n\">Arrugas de expresi\u00f3n<\/option>\n\t\t\t\t\t\t\t\t\t<option value=\"Marcas de Acn\u00e9\">Marcas de Acn\u00e9<\/option>\n\t\t\t\t\t\t\t\t\t<option value=\"Otras\">Otras<\/option>\n\t\t\t\t\t\t\t<\/select>\n\t\t<\/div>\n\t\t\t\t\t\t<\/div>\n\t\t\t\t\t\t\t\t<div class=\"elementor-field-type-text elementor-field-group elementor-column elementor-field-group-field_f45c4f3 elementor-col-60\">\n\t\t\t\t\t\t\t\t\t\t\t\t<label for=\"form-field-field_f45c4f3\" class=\"elementor-field-label\">\n\t\t\t\t\t\t\t\t\u00bfNecesitas pruebas de maquillaje?\t\t\t\t\t\t\t<\/label>\n\t\t\t\t\t\t\t\t\t\t\t\t\t\t<input size=\"1\" type=\"text\" name=\"form_fields[field_f45c4f3]\" id=\"form-field-field_f45c4f3\" class=\"elementor-field elementor-size-sm  elementor-field-textual\" placeholder=\"Si o No\">\n\t\t\t\t\t\t\t\t\t\t\t<\/div>\n\t\t\t\t\t\t\t\t<div class=\"elementor-field-type-textarea elementor-field-group elementor-column elementor-field-group-message elementor-col-100\">\n\t\t\t\t\t\t\t\t\t\t\t\t<label for=\"form-field-message\" class=\"elementor-field-label\">\n\t\t\t\t\t\t\t\t\u00bfTienes alguna petici\u00f3n especial? \u00bfTienes m\u00e1s eventos y deseas contratar este servicio? \u00bfDeseas que vaya a tu domicilio a maquillarte? Deja aqu\u00ed la informaci\u00f3n...\t\t\t\t\t\t\t<\/label>\n\t\t\t\t\t\t<textarea class=\"elementor-field-textual elementor-field  elementor-size-sm\" name=\"form_fields[message]\" id=\"form-field-message\" rows=\"3\" placeholder=\"Dejanos saber...\"><\/textarea>\t\t\t\t<\/div>\n\t\t\t\t\t\t\t\t<div class=\"elementor-field-type-recaptcha_v3 elementor-field-group elementor-column elementor-field-group-field_fbd34e9 elementor-col-100 recaptcha_v3-inline\">\n\t\t\t\t\t<div class=\"elementor-field\" id=\"form-field-field_fbd34e9\"><div class=\"elementor-g-recaptcha\" data-sitekey=\"6Le8BS4rAAAAAFxx_2jZc4AS3_2KHrBsa6UofvFg\" data-type=\"v3\" data-action=\"Form\" data-badge=\"inline\" data-size=\"invisible\"><\/div><\/div>\t\t\t\t<\/div>\n\t\t\t\t\t\t\t\t<div class=\"elementor-field-group elementor-column elementor-field-type-submit elementor-col-100 e-form__buttons\">\n\t\t\t\t\t<button class=\"elementor-button elementor-size-sm\" type=\"submit\">\n\t\t\t\t\t\t<span class=\"elementor-button-content-wrapper\">\n\t\t\t\t\t\t\t\t\t\t\t\t\t\t\t\t\t\t\t\t\t\t<span class=\"elementor-button-text\">Enviar<\/span>\n\t\t\t\t\t\t\t\t\t\t\t\t\t<\/span>\n\t\t\t\t\t<\/button>\n\t\t\t\t<\/div>\n\t\t\t<\/div>\n\t\t<\/form>\n\t\t\t\t\t\t<\/div>\n\t\t\t\t<\/div>\n\t\t\t\t<\/div>\n\t\t\t\t\t<\/div>\n\t\t\t\t<\/div>\n\t\t<div class=\"elementor-element elementor-element-39196a8c e-con-full e-flex e-con e-parent\" data-id=\"39196a8c\" data-element_type=\"container\" data-e-type=\"container\">\n\t\t\t\t<div class=\"elementor-element elementor-element-69640093 elementor-widget elementor-widget-google_maps\" data-id=\"69640093\" data-element_type=\"widget\" data-e-type=\"widget\" data-widget_type=\"google_maps.default\">\n\t\t\t\t<div class=\"elementor-widget-container\">\n\t\t\t\t\t\t\t<div class=\"elementor-custom-embed\">\n\t\t\t<iframe loading=\"lazy\"\n\t\t\t\t\tsrc=\"https:\/\/maps.google.com\/maps?q=Priego%20de%20C%C3%B3rdoba&#038;t=m&#038;z=15&#038;output=embed&#038;iwloc=near\"\n\t\t\t\t\ttitle=\"Priego de C\u00f3rdoba\"\n\t\t\t\t\taria-label=\"Priego de C\u00f3rdoba\"\n\t\t\t><\/iframe>\n\t\t<\/div>\n\t\t\t\t\t\t<\/div>\n\t\t\t\t<\/div>\n\t\t\t\t<\/div>\n\t\t\t\t<\/div>\n\t\t","protected":false},"excerpt":{"rendered":"<p>Ponerte en contacto conmigo es muy sencillo. Utiliza el formulario de esta p\u00e1gina para enviarme un mensaje directo o si lo prefieres, puedes encontrar mis datos de contacto a continuaci\u00f3n. Mi espacio Priego de C\u00f3rdoba, Andaluc\u00eda, Espa\u00f1a. Mi Correo info@amelia-beautyartist.es Cont\u00e1ctemos<\/p>","protected":false},"author":1,"featured_media":0,"parent":0,"menu_order":0,"comment_status":"closed","ping_status":"closed","template":"elementor_header_footer","meta":{"footnotes":""},"class_list":["post-395","page","type-page","status-publish","hentry"],"yoast_head":"<!-- This site is optimized with the Yoast SEO plugin v27.5 - https:\/\/yoast.com\/product\/yoast-seo-wordpress\/ -->\n<title>Contacto - Amelia Cuadros | Maquilladora profesional en Priego de C\u00f3rdoba<\/title>\n<meta name=\"robots\" content=\"index, follow, max-snippet:-1, max-image-preview:large, max-video-preview:-1\" \/>\n<link rel=\"canonical\" href=\"https:\/\/amelia-beautyartist.es\/en\/contacto\/\" \/>\n<meta property=\"og:locale\" content=\"en_GB\" \/>\n<meta property=\"og:type\" content=\"article\" \/>\n<meta property=\"og:title\" content=\"Contacto - Amelia Cuadros | Maquilladora profesional en Priego de C\u00f3rdoba\" \/>\n<meta property=\"og:description\" content=\"Ponerte en contacto conmigo es muy sencillo. Utiliza el formulario de esta p\u00e1gina para enviarme un mensaje directo o si lo prefieres, puedes encontrar mis datos de contacto a continuaci\u00f3n. Mi espacio Priego de C\u00f3rdoba, Andaluc\u00eda, Espa\u00f1a. Mi Correo info@amelia-beautyartist.es Cont\u00e1ctemos\" \/>\n<meta property=\"og:url\" content=\"https:\/\/amelia-beautyartist.es\/en\/contacto\/\" \/>\n<meta property=\"og:site_name\" content=\"Amelia Cuadros | Maquilladora profesional en Priego de C\u00f3rdoba\" \/>\n<meta property=\"article:modified_time\" content=\"2025-05-04T18:36:10+00:00\" \/>\n<meta name=\"twitter:card\" content=\"summary_large_image\" \/>\n<meta name=\"twitter:label1\" content=\"Estimated reading time\" \/>\n\t<meta name=\"twitter:data1\" content=\"1 minute\" \/>\n<script type=\"application\/ld+json\" class=\"yoast-schema-graph\">{\"@context\":\"https:\\\/\\\/schema.org\",\"@graph\":[{\"@type\":\"WebPage\",\"@id\":\"https:\\\/\\\/amelia-beautyartist.es\\\/contacto\\\/\",\"url\":\"https:\\\/\\\/amelia-beautyartist.es\\\/contacto\\\/\",\"name\":\"Contacto - Amelia Cuadros | Maquilladora profesional en Priego de C\u00f3rdoba\",\"isPartOf\":{\"@id\":\"https:\\\/\\\/amelia-beautyartist.es\\\/#website\"},\"datePublished\":\"2025-04-21T10:12:59+00:00\",\"dateModified\":\"2025-05-04T18:36:10+00:00\",\"breadcrumb\":{\"@id\":\"https:\\\/\\\/amelia-beautyartist.es\\\/contacto\\\/#breadcrumb\"},\"inLanguage\":\"en-GB\",\"potentialAction\":[{\"@type\":\"ReadAction\",\"target\":[\"https:\\\/\\\/amelia-beautyartist.es\\\/contacto\\\/\"]}]},{\"@type\":\"BreadcrumbList\",\"@id\":\"https:\\\/\\\/amelia-beautyartist.es\\\/contacto\\\/#breadcrumb\",\"itemListElement\":[{\"@type\":\"ListItem\",\"position\":1,\"name\":\"Portada\",\"item\":\"https:\\\/\\\/amelia-beautyartist.es\\\/\"},{\"@type\":\"ListItem\",\"position\":2,\"name\":\"Contacto\"}]},{\"@type\":\"WebSite\",\"@id\":\"https:\\\/\\\/amelia-beautyartist.es\\\/#website\",\"url\":\"https:\\\/\\\/amelia-beautyartist.es\\\/\",\"name\":\"Amelia Cuadros | Maquilladora profesional | Maquillaje para bodas | Maquillaje para bautizos y comuniones\",\"description\":\"Servicios profesionales de maquillaje especializados en eventos sociales como bodas, bautizos, comuniones y sesiones fotogr\u00e1ficas\",\"publisher\":{\"@id\":\"https:\\\/\\\/amelia-beautyartist.es\\\/#\\\/schema\\\/person\\\/5e9d0e56857462ff32564e131ac1b37e\"},\"potentialAction\":[{\"@type\":\"SearchAction\",\"target\":{\"@type\":\"EntryPoint\",\"urlTemplate\":\"https:\\\/\\\/amelia-beautyartist.es\\\/?s={search_term_string}\"},\"query-input\":{\"@type\":\"PropertyValueSpecification\",\"valueRequired\":true,\"valueName\":\"search_term_string\"}}],\"inLanguage\":\"en-GB\"},{\"@type\":[\"Person\",\"Organization\"],\"@id\":\"https:\\\/\\\/amelia-beautyartist.es\\\/#\\\/schema\\\/person\\\/5e9d0e56857462ff32564e131ac1b37e\",\"name\":\"ameliacuadros\",\"image\":{\"@type\":\"ImageObject\",\"inLanguage\":\"en-GB\",\"@id\":\"https:\\\/\\\/amelia-beautyartist.es\\\/wp-content\\\/uploads\\\/2025\\\/04\\\/cropped-cropped-IMG_4044.png\",\"url\":\"https:\\\/\\\/amelia-beautyartist.es\\\/wp-content\\\/uploads\\\/2025\\\/04\\\/cropped-cropped-IMG_4044.png\",\"contentUrl\":\"https:\\\/\\\/amelia-beautyartist.es\\\/wp-content\\\/uploads\\\/2025\\\/04\\\/cropped-cropped-IMG_4044.png\",\"width\":428,\"height\":406,\"caption\":\"ameliacuadros\"},\"logo\":{\"@id\":\"https:\\\/\\\/amelia-beautyartist.es\\\/wp-content\\\/uploads\\\/2025\\\/04\\\/cropped-cropped-IMG_4044.png\"},\"sameAs\":[\"https:\\\/\\\/amelia-beautyartist.es\"]}]}<\/script>\n<!-- \/ Yoast SEO plugin. -->","yoast_head_json":{"title":"Contacto - Amelia Cuadros | Maquilladora profesional en Priego de C\u00f3rdoba","robots":{"index":"index","follow":"follow","max-snippet":"max-snippet:-1","max-image-preview":"max-image-preview:large","max-video-preview":"max-video-preview:-1"},"canonical":"https:\/\/amelia-beautyartist.es\/en\/contacto\/","og_locale":"en_GB","og_type":"article","og_title":"Contacto - Amelia Cuadros | Maquilladora profesional en Priego de C\u00f3rdoba","og_description":"Ponerte en contacto conmigo es muy sencillo. Utiliza el formulario de esta p\u00e1gina para enviarme un mensaje directo o si lo prefieres, puedes encontrar mis datos de contacto a continuaci\u00f3n. Mi espacio Priego de C\u00f3rdoba, Andaluc\u00eda, Espa\u00f1a. Mi Correo info@amelia-beautyartist.es Cont\u00e1ctemos","og_url":"https:\/\/amelia-beautyartist.es\/en\/contacto\/","og_site_name":"Amelia Cuadros | Maquilladora profesional en Priego de C\u00f3rdoba","article_modified_time":"2025-05-04T18:36:10+00:00","twitter_card":"summary_large_image","twitter_misc":{"Estimated reading time":"1 minute"},"schema":{"@context":"https:\/\/schema.org","@graph":[{"@type":"WebPage","@id":"https:\/\/amelia-beautyartist.es\/contacto\/","url":"https:\/\/amelia-beautyartist.es\/contacto\/","name":"Contacto - Amelia Cuadros | Maquilladora profesional en Priego de C\u00f3rdoba","isPartOf":{"@id":"https:\/\/amelia-beautyartist.es\/#website"},"datePublished":"2025-04-21T10:12:59+00:00","dateModified":"2025-05-04T18:36:10+00:00","breadcrumb":{"@id":"https:\/\/amelia-beautyartist.es\/contacto\/#breadcrumb"},"inLanguage":"en-GB","potentialAction":[{"@type":"ReadAction","target":["https:\/\/amelia-beautyartist.es\/contacto\/"]}]},{"@type":"BreadcrumbList","@id":"https:\/\/amelia-beautyartist.es\/contacto\/#breadcrumb","itemListElement":[{"@type":"ListItem","position":1,"name":"Portada","item":"https:\/\/amelia-beautyartist.es\/"},{"@type":"ListItem","position":2,"name":"Contacto"}]},{"@type":"WebSite","@id":"https:\/\/amelia-beautyartist.es\/#website","url":"https:\/\/amelia-beautyartist.es\/","name":"Amelia Cuadros | Maquilladora profesional | Maquillaje para bodas | Maquillaje para bautizos y comuniones","description":"Servicios profesionales de maquillaje especializados en eventos sociales como bodas, bautizos, comuniones y sesiones fotogr\u00e1ficas","publisher":{"@id":"https:\/\/amelia-beautyartist.es\/#\/schema\/person\/5e9d0e56857462ff32564e131ac1b37e"},"potentialAction":[{"@type":"SearchAction","target":{"@type":"EntryPoint","urlTemplate":"https:\/\/amelia-beautyartist.es\/?s={search_term_string}"},"query-input":{"@type":"PropertyValueSpecification","valueRequired":true,"valueName":"search_term_string"}}],"inLanguage":"en-GB"},{"@type":["Person","Organization"],"@id":"https:\/\/amelia-beautyartist.es\/#\/schema\/person\/5e9d0e56857462ff32564e131ac1b37e","name":"ameliacuadros","image":{"@type":"ImageObject","inLanguage":"en-GB","@id":"https:\/\/amelia-beautyartist.es\/wp-content\/uploads\/2025\/04\/cropped-cropped-IMG_4044.png","url":"https:\/\/amelia-beautyartist.es\/wp-content\/uploads\/2025\/04\/cropped-cropped-IMG_4044.png","contentUrl":"https:\/\/amelia-beautyartist.es\/wp-content\/uploads\/2025\/04\/cropped-cropped-IMG_4044.png","width":428,"height":406,"caption":"ameliacuadros"},"logo":{"@id":"https:\/\/amelia-beautyartist.es\/wp-content\/uploads\/2025\/04\/cropped-cropped-IMG_4044.png"},"sameAs":["https:\/\/amelia-beautyartist.es"]}]}},"_links":{"self":[{"href":"https:\/\/amelia-beautyartist.es\/en\/wp-json\/wp\/v2\/pages\/395","targetHints":{"allow":["GET"]}}],"collection":[{"href":"https:\/\/amelia-beautyartist.es\/en\/wp-json\/wp\/v2\/pages"}],"about":[{"href":"https:\/\/amelia-beautyartist.es\/en\/wp-json\/wp\/v2\/types\/page"}],"author":[{"embeddable":true,"href":"https:\/\/amelia-beautyartist.es\/en\/wp-json\/wp\/v2\/users\/1"}],"replies":[{"embeddable":true,"href":"https:\/\/amelia-beautyartist.es\/en\/wp-json\/wp\/v2\/comments?post=395"}],"version-history":[{"count":22,"href":"https:\/\/amelia-beautyartist.es\/en\/wp-json\/wp\/v2\/pages\/395\/revisions"}],"predecessor-version":[{"id":672,"href":"https:\/\/amelia-beautyartist.es\/en\/wp-json\/wp\/v2\/pages\/395\/revisions\/672"}],"wp:attachment":[{"href":"https:\/\/amelia-beautyartist.es\/en\/wp-json\/wp\/v2\/media?parent=395"}],"curies":[{"name":"wp","href":"https:\/\/api.w.org\/{rel}","templated":true}]}}